{"id":3,"date":"2023-02-11T18:39:41","date_gmt":"2023-02-11T18:39:41","guid":{"rendered":"https:\/\/en-joy-music.de\/?page_id=3"},"modified":"2023-02-13T21:32:08","modified_gmt":"2023-02-13T21:32:08","slug":"datenschutzerklaerung","status":"publish","type":"page","link":"https:\/\/en-joy-music.de\/?page_id=3","title":{"rendered":"Datenschutzerkl\u00e4rung"},"content":{"rendered":"\n<h2>1. Einleitung<br><\/h2>\n\n\n\n<p class=\"has-regular-font-size\">Als Anbieter dieser Seite (https:\/\/en-joy-music.de.) sind wir per Gesetz dazu verpflichtet, Sie \u00fcber Zweck, Umfang, Art der Erhebung und Verwendung<br>Ihrer personenbezogenen Daten zu informieren. Mit dieser Erkl\u00e4rung m\u00f6chten wir erreichen, dass Sie ein gutes Gef\u00fchl bei<br>der Nutzung unserer Website haben. Bei Fragen d\u00fcrfen Sie sich jederzeit gerne bei uns melden<\/p>\n\n\n\n<h2><strong>2. Name und Kontaktdaten der Verantwortlichen<\/strong><\/h2>\n\n\n\n<p class=\"has-regular-font-size\"><br>Verantwortliche*r f\u00fcr die Verarbeitung personenbezogener Daten ist En-joy! <br>E-Mail: info(at)en-joy-music.de<\/p>\n\n\n\n<h2>3. Verarbeitung der personenbezogenen Daten, Zweck der Verarbeitung und Speicherdauer<\/h2>\n\n\n\n<p>Beim Besuch unserer Website werden Daten erhoben, verarbeitet und genutzt, die personenbezogen sein k\u00f6nnen. Bei jedem<br>Abruf durch Ihr Endger\u00e4t werden folgende Daten gespeichert:<br>&#8211; IP-Adresse<br>&#8211; Betriebssystem Ihres Endger\u00e4ts<br>&#8211; Name der Dateien, die Sie abrufen<br>&#8211; Datum und Uhrzeit des Abrufs<br>&#8211; &#8230;<br>Die gespeicherten Daten werden verwendet, um die Website korrekt darzustellen und zu statistischen Zwecken.<br>Die Rechtsgrundlage f\u00fcr diese Verarbeitung ist Ihre Einwilligung gem. Art. 6 Abs. 1 S. 1 lit. a) DSGVO.<br>Die genannten Daten werden unverz\u00fcglich, sp\u00e4testens nach 72 Stunden<br>gel\u00f6scht. <\/p>\n\n\n\n<p><\/p>\n\n\n\n<h2>4. Bestehen eines Rechts auf Auskunft \u00fcber die Daten, Berichtigung, L\u00f6schung oder Einschr\u00e4nkung der Verarbeitung<br>oder eines Widerspruchsrechts gegen die Verarbeitung sowie des Rechts auf Daten\u00fcbertragbarkeit<\/h2>\n\n\n\n<p>Jede Person hat das Recht auf Auskunft \u00fcber die zu seiner Person verarbeiteten Daten, auf Berichtigung dieser, auf L\u00f6schen<br>dieser und ein Recht auf Einschr\u00e4nkung der Verarbeitung. Zudem steht der Person ein Widerspruchsrecht gegen die Verarbei-<br>tung der Daten und gegen die Daten\u00fcbertragbarkeit zu.<\/p>\n\n\n\n<h2>5. Sofern die Verarbeitung auf einer Einwilligung (Art. 6 Abs. 1 S. 1 lit. a) DSGVO) beruht: Bestehen eines<br>Widerrufsrechts<\/h2>\n\n\n\n<p>Ist die Verarbeitung aufgrund einer Einwilligung erfolgt, dann steht jeder Person ein Widerrufsrecht dieser Einwilligung zu.<br>Durch die Aus\u00fcbung des Widerrufs entf\u00e4llt nicht die Rechtm\u00e4\u00dfigkeit der Verarbeitung vor dem Widerruf.<\/p>\n\n\n\n<h2>6. Bestehen eines Beschwerderechts bei einer Aufsichtsbeh\u00f6rde<\/h2>\n\n\n\n<p>Gem. Art. 77 DSGVO besteht ein Beschwerderecht bei einer Aufsichtsbeh\u00f6rde. In Deutschland ist diese Stelle der Bundesbe-<br>auftragte f\u00fcr den Datenschutz und Informationsfreiheit<\/p>\n\n\n\n<p><\/p>\n","protected":false},"excerpt":{"rendered":"<p>1. Einleitung Als Anbieter dieser Seite (https:\/\/en-joy-music.de.) sind wir per Gesetz dazu verpflichtet, Sie \u00fcber Zweck, Umfang, Art der Erhebung und VerwendungIhrer personenbezogenen Daten zu informieren. Mit dieser Erkl\u00e4rung m\u00f6chten [&hellip;]<\/p>\n","protected":false},"author":1,"featured_media":0,"parent":55,"menu_order":0,"comment_status":"closed","ping_status":"closed","template":"","meta":[],"_links":{"self":[{"href":"https:\/\/en-joy-music.de\/index.php?rest_route=\/wp\/v2\/pages\/3"}],"collection":[{"href":"https:\/\/en-joy-music.de\/index.php?rest_route=\/wp\/v2\/pages"}],"about":[{"href":"https:\/\/en-joy-music.de\/index.php?rest_route=\/wp\/v2\/types\/page"}],"author":[{"embeddable":true,"href":"https:\/\/en-joy-music.de\/index.php?rest_route=\/wp\/v2\/users\/1"}],"replies":[{"embeddable":true,"href":"https:\/\/en-joy-music.de\/index.php?rest_route=%2Fwp%2Fv2%2Fcomments&post=3"}],"version-history":[{"count":2,"href":"https:\/\/en-joy-music.de\/index.php?rest_route=\/wp\/v2\/pages\/3\/revisions"}],"predecessor-version":[{"id":132,"href":"https:\/\/en-joy-music.de\/index.php?rest_route=\/wp\/v2\/pages\/3\/revisions\/132"}],"up":[{"embeddable":true,"href":"https:\/\/en-joy-music.de\/index.php?rest_route=\/wp\/v2\/pages\/55"}],"wp:attachment":[{"href":"https:\/\/en-joy-music.de\/index.php?rest_route=%2Fwp%2Fv2%2Fmedia&parent=3"}],"curies":[{"name":"wp","href":"https:\/\/api.w.org\/{rel}","templated":true}]}}