{"id":55,"date":"2023-02-12T18:39:56","date_gmt":"2023-02-12T18:39:56","guid":{"rendered":"https:\/\/en-joy-music.de\/?page_id=55"},"modified":"2023-02-13T20:53:55","modified_gmt":"2023-02-13T20:53:55","slug":"wir","status":"publish","type":"page","link":"https:\/\/en-joy-music.de\/?page_id=55","title":{"rendered":"Wir"},"content":{"rendered":"\n<p class=\"has-large-font-size\"><em><strong>Vokalensemble En-joy!<\/strong><\/em><\/p>\n\n\n\n<p>2015 haben wir zu viert in einem Wohnzimmer probiert, wie es ist, gemeinsam zu singen. Wir fanden das sehr sch\u00f6n und beschlossen, dies regelm\u00e4\u00dfig zu machen \ud83d\ude09<\/p>\n\n\n\n<p>Auch der Name war schnell gefunden: EN-Joy! Aktuell singen wir zu sechst.&nbsp;<\/p>\n\n\n\n<p>Musikalisch ist nichts vor uns sicher, es wird gesungen was gef\u00e4llt, speziell Klassik,&nbsp; Spiritual und Pop&amp;Rock.&nbsp;<\/p>\n\n\n\n<p>Wir proben w\u00f6chentlich Mittwochs<\/p>\n","protected":false},"excerpt":{"rendered":"<p>Vokalensemble En-joy! 2015 haben wir zu viert in einem Wohnzimmer probiert, wie es ist, gemeinsam zu singen. Wir fanden das sehr sch\u00f6n und beschlossen, dies regelm\u00e4\u00dfig zu machen \ud83d\ude09 Auch [&hellip;]<\/p>\n","protected":false},"author":1,"featured_media":0,"parent":0,"menu_order":0,"comment_status":"closed","ping_status":"closed","template":"","meta":[],"_links":{"self":[{"href":"https:\/\/en-joy-music.de\/index.php?rest_route=\/wp\/v2\/pages\/55"}],"collection":[{"href":"https:\/\/en-joy-music.de\/index.php?rest_route=\/wp\/v2\/pages"}],"about":[{"href":"https:\/\/en-joy-music.de\/index.php?rest_route=\/wp\/v2\/types\/page"}],"author":[{"embeddable":true,"href":"https:\/\/en-joy-music.de\/index.php?rest_route=\/wp\/v2\/users\/1"}],"replies":[{"embeddable":true,"href":"https:\/\/en-joy-music.de\/index.php?rest_route=%2Fwp%2Fv2%2Fcomments&post=55"}],"version-history":[{"count":3,"href":"https:\/\/en-joy-music.de\/index.php?rest_route=\/wp\/v2\/pages\/55\/revisions"}],"predecessor-version":[{"id":122,"href":"https:\/\/en-joy-music.de\/index.php?rest_route=\/wp\/v2\/pages\/55\/revisions\/122"}],"wp:attachment":[{"href":"https:\/\/en-joy-music.de\/index.php?rest_route=%2Fwp%2Fv2%2Fmedia&parent=55"}],"curies":[{"name":"wp","href":"https:\/\/api.w.org\/{rel}","templated":true}]}}