{"id":69,"date":"2023-02-12T19:09:30","date_gmt":"2023-02-12T19:09:30","guid":{"rendered":"https:\/\/en-joy-music.de\/?page_id=69"},"modified":"2023-02-13T20:18:53","modified_gmt":"2023-02-13T20:18:53","slug":"impressum","status":"publish","type":"page","link":"https:\/\/en-joy-music.de\/?page_id=69","title":{"rendered":"Impressum"},"content":{"rendered":"\n<p><strong>Copyright<\/strong>:<\/p>\n\n\n\n<p>Alle Inhalte dieser Webseiten sind<br>urheberrechtlich gesch\u00fctzt und d\u00fcr-<br>fen nicht ohne Gehnehmigung von <br>&#8220;En-joy!&#8221; bzw. des Urhebers weiter<br>verwendet oder verbreitet werden.<\/p>\n\n\n\n<p><strong>Haftungshinweis<\/strong>:<\/p>\n\n\n\n<p>Trotz sorgf\u00e4ltiger inhaltlicher Kon- <br>trolle \u00fcbernehmen wir keine Haft-<br>ung f\u00fcr die Inhalte externer Links<br>F\u00fcr de Inhalt der verlinkten Seiten<br>sind ausschlie\u00dflich deren Betreiber<br>verantwortlich.<\/p>\n\n\n\n<p><a href=\"https:\/\/en-joy-music.de\/?page_id=72\" data-type=\"page\" data-id=\"72\">Kontakt<\/a><\/p>\n\n\n\n<p><\/p>\n","protected":false},"excerpt":{"rendered":"<p>Copyright: Alle Inhalte dieser Webseiten sindurheberrechtlich gesch\u00fctzt und d\u00fcr-fen nicht ohne Gehnehmigung von &#8220;En-joy!&#8221; bzw. des Urhebers weiterverwendet oder verbreitet werden. Haftungshinweis: Trotz sorgf\u00e4ltiger inhaltlicher Kon- trolle \u00fcbernehmen wir keine [&hellip;]<\/p>\n","protected":false},"author":1,"featured_media":0,"parent":55,"menu_order":0,"comment_status":"closed","ping_status":"closed","template":"","meta":[],"_links":{"self":[{"href":"https:\/\/en-joy-music.de\/index.php?rest_route=\/wp\/v2\/pages\/69"}],"collection":[{"href":"https:\/\/en-joy-music.de\/index.php?rest_route=\/wp\/v2\/pages"}],"about":[{"href":"https:\/\/en-joy-music.de\/index.php?rest_route=\/wp\/v2\/types\/page"}],"author":[{"embeddable":true,"href":"https:\/\/en-joy-music.de\/index.php?rest_route=\/wp\/v2\/users\/1"}],"replies":[{"embeddable":true,"href":"https:\/\/en-joy-music.de\/index.php?rest_route=%2Fwp%2Fv2%2Fcomments&post=69"}],"version-history":[{"count":3,"href":"https:\/\/en-joy-music.de\/index.php?rest_route=\/wp\/v2\/pages\/69\/revisions"}],"predecessor-version":[{"id":73,"href":"https:\/\/en-joy-music.de\/index.php?rest_route=\/wp\/v2\/pages\/69\/revisions\/73"}],"up":[{"embeddable":true,"href":"https:\/\/en-joy-music.de\/index.php?rest_route=\/wp\/v2\/pages\/55"}],"wp:attachment":[{"href":"https:\/\/en-joy-music.de\/index.php?rest_route=%2Fwp%2Fv2%2Fmedia&parent=69"}],"curies":[{"name":"wp","href":"https:\/\/api.w.org\/{rel}","templated":true}]}}